{"id":1187,"date":"2024-06-12T14:05:21","date_gmt":"2024-06-12T14:05:21","guid":{"rendered":"http:\/\/hotel360grad.de\/?page_id=1187"},"modified":"2025-04-10T10:28:49","modified_gmt":"2025-04-10T10:28:49","slug":"impressum","status":"publish","type":"page","link":"https:\/\/hotel360grad.de\/sq\/impressum\/","title":{"rendered":"Informacioni ligjor"},"content":{"rendered":"<div data-elementor-type=\"wp-page\" data-elementor-id=\"1187\" class=\"elementor elementor-1187\">\n\t\t\t\t<div class=\"elementor-element elementor-element-740f1a4 e-flex e-con-boxed e-con e-parent\" data-id=\"740f1a4\" data-element_type=\"container\">\n\t\t\t\t\t<div class=\"e-con-inner\">\n\t\t\t\t<div class=\"elementor-element elementor-element-7f8926e elementor-widget elementor-widget-text-editor\" data-id=\"7f8926e\" data-element_type=\"widget\" data-widget_type=\"text-editor.default\">\n\t\t\t\t<div class=\"elementor-widget-container\">\n\t\t\t\t\t\t\t\t\t<h4><strong>Informacioni ligjor<\/strong><\/h4><p>Angaben gem\u00e4\u00df \u00a7 5 TMG<\/p><p><span style=\"color: var( --e-global-color-text ); font-family: var( --e-global-typography-text-font-family ), Sans-serif; font-weight: var( --e-global-typography-text-font-weight ); text-align: var(--text-align);\">Hotel 360 Grad GmbH &amp; Co. KG<\/span><\/p><p><span style=\"color: var( --e-global-color-text ); font-family: var( --e-global-typography-text-font-family ), Sans-serif; font-weight: var( --e-global-typography-text-font-weight ); text-align: var(--text-align);\">Philippine Welser Str. 4<\/span><\/p><p>86150 Augsburg<\/p><p><strong>Handelsregister<\/strong>: HRA 21458<\/p><p><strong>Registergericht<\/strong>: Augsburg<\/p><h4><strong>Vertreten durch:<\/strong><\/h4><p>Aldrinas Verwaltungs GmbH<\/p><p>Philippine Welser Str. 4<\/p><p>86150 Augsburg<\/p><p><strong>Vetreten durch<\/strong>: Faton Seferi<\/p><p>\u00a0<\/p><h4><strong>Kontakti<\/strong><\/h4><p>Telefon: 017682113287<\/p><p>E-Mail: info@hotel360grad.de<\/p><h4><strong><br \/>Umsatzsteuer-ID<\/strong><\/h4><p>Umsatzsteuer-Identifikationsnummer gem\u00e4\u00df \u00a7 27 a Umsatzsteuergesetz:<\/p><p>beantrag<\/p><p>EU-Streitschlichtung<\/p><p><strong>Die Europ\u00e4ische Kommission stellt eine Plattform zur Online-Streitbeilegung (OS) bereit:<\/strong> https:\/\/ec.europa.eu\/consumers\/odr\/.<\/p><p>Unsere E-Mail-Adresse finden Sie oben im Impressum.<\/p><p>Verbraucher\u00adstreit\u00adbeilegung\/Universal\u00adschlichtungs\u00adstelle<\/p><p>Wir sind nicht bereit oder verpflichtet, an Streitbeilegungsverfahren vor einer Verbraucherschlichtungsstelle teilzunehmen.<\/p>\t\t\t\t\t\t\t\t<\/div>\n\t\t\t\t<\/div>\n\t\t\t\t\t<\/div>\n\t\t\t\t<\/div>\n\t\t\t\t<\/div>","protected":false},"excerpt":{"rendered":"<p>Impressum Angaben gem\u00e4\u00df \u00a7 5 TMG Hotel 360 Grad GmbH &amp; Co. KG Philippine Welser Str. 4 86150 Augsburg Handelsregister: HRA 21458 Registergericht: Augsburg Vertreten durch: Aldrinas Verwaltungs GmbH Philippine Welser Str. 4 86150 Augsburg Vetreten durch: Faton Seferi \u00a0 Kontakt Telefon: 017682113287 E-Mail: info@hotel360grad.de Umsatzsteuer-ID Umsatzsteuer-Identifikationsnummer gem\u00e4\u00df \u00a7 27 a Umsatzsteuergesetz: beantrag EU-Streitschlichtung Die [&hellip;]<\/p>","protected":false},"author":1,"featured_media":0,"parent":0,"menu_order":0,"comment_status":"closed","ping_status":"closed","template":"elementor_header_footer","meta":{"footnotes":""},"class_list":["post-1187","page","type-page","status-publish","hentry"],"yoast_head":"<!-- This site is optimized with the Yoast SEO plugin v25.2 - https:\/\/yoast.com\/wordpress\/plugins\/seo\/ -->\n<title>Impressum - Hotel 360 Grad<\/title>\n<meta name=\"description\" content=\"Statten Sie Ihr Hotel mit benutzerfreundlicher Online-Buchung, problemlosen Check-in-L\u00f6sungen und m\u00fcheloser Umsatzoptimierung aus. Verbessern Sie G\u00e4steerlebnisse und optimieren Sie Abl\u00e4ufe mit unserer innovativen Software-Suite. Begleiten Sie uns auf dem Weg, die Zukunft des Hotelmanagements zu gestalten.\" \/>\n<meta name=\"robots\" content=\"index, follow, max-snippet:-1, max-image-preview:large, max-video-preview:-1\" \/>\n<link rel=\"canonical\" href=\"https:\/\/hotel360grad.de\/sq\/impressum\/\" \/>\n<meta property=\"og:locale\" content=\"sq_AL\" \/>\n<meta property=\"og:type\" content=\"article\" \/>\n<meta property=\"og:title\" content=\"Impressum - Hotel 360 Grad\" \/>\n<meta property=\"og:description\" content=\"Statten Sie Ihr Hotel mit benutzerfreundlicher Online-Buchung, problemlosen Check-in-L\u00f6sungen und m\u00fcheloser Umsatzoptimierung aus. Verbessern Sie G\u00e4steerlebnisse und optimieren Sie Abl\u00e4ufe mit unserer innovativen Software-Suite. Begleiten Sie uns auf dem Weg, die Zukunft des Hotelmanagements zu gestalten.\" \/>\n<meta property=\"og:url\" content=\"https:\/\/hotel360grad.de\/sq\/impressum\/\" \/>\n<meta property=\"og:site_name\" content=\"Hotel 360 Grad\" \/>\n<meta property=\"article:modified_time\" content=\"2025-04-10T10:28:49+00:00\" \/>\n<meta property=\"og:image\" content=\"https:\/\/hotel360grad.de\/wp-content\/uploads\/2024\/06\/3M_Logo_Grafik.png\" \/>\n\t<meta property=\"og:image:width\" content=\"2362\" \/>\n\t<meta property=\"og:image:height\" content=\"2362\" \/>\n\t<meta property=\"og:image:type\" content=\"image\/png\" \/>\n<meta name=\"twitter:card\" content=\"summary_large_image\" \/>\n<meta name=\"twitter:label1\" content=\"Est. reading time\" \/>\n\t<meta name=\"twitter:data1\" content=\"1 minut\u00eb\" \/>\n<script type=\"application\/ld+json\" class=\"yoast-schema-graph\">{\"@context\":\"https:\/\/schema.org\",\"@graph\":[{\"@type\":\"WebPage\",\"@id\":\"https:\/\/hotel360grad.de\/impressum\/\",\"url\":\"https:\/\/hotel360grad.de\/impressum\/\",\"name\":\"Impressum - Hotel 360 Grad\",\"isPartOf\":{\"@id\":\"http:\/\/hotel360grad.de\/#website\"},\"datePublished\":\"2024-06-12T14:05:21+00:00\",\"dateModified\":\"2025-04-10T10:28:49+00:00\",\"description\":\"Statten Sie Ihr Hotel mit benutzerfreundlicher Online-Buchung, problemlosen Check-in-L\u00f6sungen und m\u00fcheloser Umsatzoptimierung aus. Verbessern Sie G\u00e4steerlebnisse und optimieren Sie Abl\u00e4ufe mit unserer innovativen Software-Suite. Begleiten Sie uns auf dem Weg, die Zukunft des Hotelmanagements zu gestalten.\",\"breadcrumb\":{\"@id\":\"https:\/\/hotel360grad.de\/impressum\/#breadcrumb\"},\"inLanguage\":\"sq\",\"potentialAction\":[{\"@type\":\"ReadAction\",\"target\":[\"https:\/\/hotel360grad.de\/impressum\/\"]}]},{\"@type\":\"BreadcrumbList\",\"@id\":\"https:\/\/hotel360grad.de\/impressum\/#breadcrumb\",\"itemListElement\":[{\"@type\":\"ListItem\",\"position\":1,\"name\":\"Home\",\"item\":\"https:\/\/hotel360grad.de\/\"},{\"@type\":\"ListItem\",\"position\":2,\"name\":\"Impressum\"}]},{\"@type\":\"WebSite\",\"@id\":\"http:\/\/hotel360grad.de\/#website\",\"url\":\"http:\/\/hotel360grad.de\/\",\"name\":\"Hotel 360 Grad\",\"description\":\"\",\"publisher\":{\"@id\":\"http:\/\/hotel360grad.de\/#organization\"},\"potentialAction\":[{\"@type\":\"SearchAction\",\"target\":{\"@type\":\"EntryPoint\",\"urlTemplate\":\"http:\/\/hotel360grad.de\/?s={search_term_string}\"},\"query-input\":{\"@type\":\"PropertyValueSpecification\",\"valueRequired\":true,\"valueName\":\"search_term_string\"}}],\"inLanguage\":\"sq\"},{\"@type\":\"Organization\",\"@id\":\"http:\/\/hotel360grad.de\/#organization\",\"name\":\"Hotel 360 Grad\",\"url\":\"http:\/\/hotel360grad.de\/\",\"logo\":{\"@type\":\"ImageObject\",\"inLanguage\":\"sq\",\"@id\":\"http:\/\/hotel360grad.de\/#\/schema\/logo\/image\/\",\"url\":\"https:\/\/hotel360grad.de\/wp-content\/uploads\/2024\/05\/newnewlogo-1.png\",\"contentUrl\":\"https:\/\/hotel360grad.de\/wp-content\/uploads\/2024\/05\/newnewlogo-1.png\",\"width\":1880,\"height\":426,\"caption\":\"Hotel 360 Grad\"},\"image\":{\"@id\":\"http:\/\/hotel360grad.de\/#\/schema\/logo\/image\/\"}}]}<\/script>\n<!-- \/ Yoast SEO plugin. -->","yoast_head_json":{"title":"Impressum - Hotel 360 Grad","description":"P\u00ebr hotelin tuaj ofrojm\u00eb sisteme softuerike inovative q\u00eb leht\u00ebsojn\u00eb dhe thjesht\u00ebsojn\u00eb shum\u00eb rezervimin online dhe check-in p\u00ebr klient\u00ebt tuaj. Por edhe p\u00ebr stafin tuaj menaxhim i thjesht\u00eb, gjith\u00ebp\u00ebrfshir\u00ebs dhe bashk\u00ebkohor q\u00eb rezulton n\u00eb kursim kohe p\u00ebr juve dhe menaxhim profesional t\u00eb hotelit nga ju.","robots":{"index":"index","follow":"follow","max-snippet":"max-snippet:-1","max-image-preview":"max-image-preview:large","max-video-preview":"max-video-preview:-1"},"canonical":"https:\/\/hotel360grad.de\/sq\/impressum\/","og_locale":"sq_AL","og_type":"article","og_title":"Impressum - Hotel 360 Grad","og_description":"Statten Sie Ihr Hotel mit benutzerfreundlicher Online-Buchung, problemlosen Check-in-L\u00f6sungen und m\u00fcheloser Umsatzoptimierung aus. Verbessern Sie G\u00e4steerlebnisse und optimieren Sie Abl\u00e4ufe mit unserer innovativen Software-Suite. Begleiten Sie uns auf dem Weg, die Zukunft des Hotelmanagements zu gestalten.","og_url":"https:\/\/hotel360grad.de\/sq\/impressum\/","og_site_name":"Hotel 360 Grad","article_modified_time":"2025-04-10T10:28:49+00:00","og_image":[{"width":2362,"height":2362,"url":"https:\/\/hotel360grad.de\/wp-content\/uploads\/2024\/06\/3M_Logo_Grafik.png","type":"image\/png"}],"twitter_card":"summary_large_image","twitter_misc":{"Est. reading time":"1 minut\u00eb"},"schema":{"@context":"https:\/\/schema.org","@graph":[{"@type":"WebPage","@id":"https:\/\/hotel360grad.de\/impressum\/","url":"https:\/\/hotel360grad.de\/impressum\/","name":"Impressum - Hotel 360 Grad","isPartOf":{"@id":"http:\/\/hotel360grad.de\/#website"},"datePublished":"2024-06-12T14:05:21+00:00","dateModified":"2025-04-10T10:28:49+00:00","description":"P\u00ebr hotelin tuaj ofrojm\u00eb sisteme softuerike inovative q\u00eb leht\u00ebsojn\u00eb dhe thjesht\u00ebsojn\u00eb shum\u00eb rezervimin online dhe check-in p\u00ebr klient\u00ebt tuaj. Por edhe p\u00ebr stafin tuaj menaxhim i thjesht\u00eb, gjith\u00ebp\u00ebrfshir\u00ebs dhe bashk\u00ebkohor q\u00eb rezulton n\u00eb kursim kohe p\u00ebr juve dhe menaxhim profesional t\u00eb hotelit nga ju.","breadcrumb":{"@id":"https:\/\/hotel360grad.de\/impressum\/#breadcrumb"},"inLanguage":"sq","potentialAction":[{"@type":"ReadAction","target":["https:\/\/hotel360grad.de\/impressum\/"]}]},{"@type":"BreadcrumbList","@id":"https:\/\/hotel360grad.de\/impressum\/#breadcrumb","itemListElement":[{"@type":"ListItem","position":1,"name":"Home","item":"https:\/\/hotel360grad.de\/"},{"@type":"ListItem","position":2,"name":"Impressum"}]},{"@type":"WebSite","@id":"http:\/\/hotel360grad.de\/#website","url":"http:\/\/hotel360grad.de\/","name":"Hotel 360 Grad","description":"","publisher":{"@id":"http:\/\/hotel360grad.de\/#organization"},"potentialAction":[{"@type":"SearchAction","target":{"@type":"EntryPoint","urlTemplate":"http:\/\/hotel360grad.de\/?s={search_term_string}"},"query-input":{"@type":"PropertyValueSpecification","valueRequired":true,"valueName":"search_term_string"}}],"inLanguage":"sq"},{"@type":"Organization","@id":"http:\/\/hotel360grad.de\/#organization","name":"Hotel 360 Grad","url":"http:\/\/hotel360grad.de\/","logo":{"@type":"ImageObject","inLanguage":"sq","@id":"http:\/\/hotel360grad.de\/#\/schema\/logo\/image\/","url":"https:\/\/hotel360grad.de\/wp-content\/uploads\/2024\/05\/newnewlogo-1.png","contentUrl":"https:\/\/hotel360grad.de\/wp-content\/uploads\/2024\/05\/newnewlogo-1.png","width":1880,"height":426,"caption":"Hotel 360 Grad"},"image":{"@id":"http:\/\/hotel360grad.de\/#\/schema\/logo\/image\/"}}]}},"_links":{"self":[{"href":"https:\/\/hotel360grad.de\/sq\/wp-json\/wp\/v2\/pages\/1187","targetHints":{"allow":["GET"]}}],"collection":[{"href":"https:\/\/hotel360grad.de\/sq\/wp-json\/wp\/v2\/pages"}],"about":[{"href":"https:\/\/hotel360grad.de\/sq\/wp-json\/wp\/v2\/types\/page"}],"author":[{"embeddable":true,"href":"https:\/\/hotel360grad.de\/sq\/wp-json\/wp\/v2\/users\/1"}],"replies":[{"embeddable":true,"href":"https:\/\/hotel360grad.de\/sq\/wp-json\/wp\/v2\/comments?post=1187"}],"version-history":[{"count":0,"href":"https:\/\/hotel360grad.de\/sq\/wp-json\/wp\/v2\/pages\/1187\/revisions"}],"wp:attachment":[{"href":"https:\/\/hotel360grad.de\/sq\/wp-json\/wp\/v2\/media?parent=1187"}],"curies":[{"name":"wp","href":"https:\/\/api.w.org\/{rel}","templated":true}]}}