{"id":1549,"date":"2025-03-11T08:42:36","date_gmt":"2025-03-11T08:42:36","guid":{"rendered":"https:\/\/hotel360grad.de\/?page_id=1549"},"modified":"2025-04-09T11:40:19","modified_gmt":"2025-04-09T11:40:19","slug":"marketing","status":"publish","type":"page","link":"https:\/\/hotel360grad.de\/sq\/marketing\/","title":{"rendered":"Marketing"},"content":{"rendered":"<div data-elementor-type=\"wp-page\" data-elementor-id=\"1549\" class=\"elementor elementor-1549\">\n\t\t\t\t<div class=\"elementor-element elementor-element-9533688 e-flex e-con-boxed e-con e-parent\" data-id=\"9533688\" data-element_type=\"container\" data-settings=\"{&quot;background_background&quot;:&quot;classic&quot;}\">\n\t\t\t\t\t<div class=\"e-con-inner\">\n\t\t\t\t<div class=\"elementor-element elementor-element-5752959 elementor-widget__width-inherit elementor-widget elementor-widget-heading\" data-id=\"5752959\" data-element_type=\"widget\" data-widget_type=\"heading.default\">\n\t\t\t\t<div class=\"elementor-widget-container\">\n\t\t\t\t\t<h2 class=\"elementor-heading-title elementor-size-default\">Marketing<\/h2>\t\t\t\t<\/div>\n\t\t\t\t<\/div>\n\t\t\t\t<div class=\"elementor-element elementor-element-e85cd65 elementor-icon-list--layout-inline elementor-align-center elementor-list-item-link-full_width elementor-widget elementor-widget-icon-list\" data-id=\"e85cd65\" data-element_type=\"widget\" data-widget_type=\"icon-list.default\">\n\t\t\t\t<div class=\"elementor-widget-container\">\n\t\t\t\t\t\t\t<ul class=\"elementor-icon-list-items elementor-inline-items\">\n\t\t\t\t\t\t\t<li class=\"elementor-icon-list-item elementor-inline-item\">\n\t\t\t\t\t\t\t\t\t\t<span class=\"elementor-icon-list-text\">Ballina<\/span>\n\t\t\t\t\t\t\t\t\t<\/li>\n\t\t\t\t\t\t\t\t<li class=\"elementor-icon-list-item elementor-inline-item\">\n\t\t\t\t\t\t\t\t\t\t\t<span class=\"elementor-icon-list-icon\">\n\t\t\t\t\t\t\t<i aria-hidden=\"true\" class=\"icon icon-arrow-right\"><\/i>\t\t\t\t\t\t<\/span>\n\t\t\t\t\t\t\t\t\t\t<span class=\"elementor-icon-list-text\">Marketing<\/span>\n\t\t\t\t\t\t\t\t\t<\/li>\n\t\t\t\t\t\t<\/ul>\n\t\t\t\t\t\t<\/div>\n\t\t\t\t<\/div>\n\t\t\t\t\t<\/div>\n\t\t\t\t<\/div>\n\t\t<div class=\"elementor-element elementor-element-eb7370a e-flex e-con-boxed e-con e-parent\" data-id=\"eb7370a\" data-element_type=\"container\" data-settings=\"{&quot;background_background&quot;:&quot;classic&quot;}\">\n\t\t\t\t\t<div class=\"e-con-inner\">\n\t\t\t\t<div class=\"elementor-element elementor-element-95e0f56 elementor-widget__width-initial elementor-invisible elementor-widget elementor-widget-heading\" data-id=\"95e0f56\" data-element_type=\"widget\" data-settings=\"{&quot;_animation&quot;:&quot;fadeIn&quot;,&quot;_animation_delay&quot;:200}\" data-widget_type=\"heading.default\">\n\t\t\t\t<div class=\"elementor-widget-container\">\n\t\t\t\t\t<h2 class=\"elementor-heading-title elementor-size-default\">Zgjidhje marketingu p\u00ebr hotelet, Airbnbs dhe apartamentet<\/h2>\t\t\t\t<\/div>\n\t\t\t\t<\/div>\n\t\t<div class=\"elementor-element elementor-element-07a2b4f e-grid e-con-full e-con e-child\" data-id=\"07a2b4f\" data-element_type=\"container\">\n\t\t<div class=\"elementor-element elementor-element-1ae19d1 e-con-full e-flex elementor-invisible e-con e-child\" data-id=\"1ae19d1\" data-element_type=\"container\" data-settings=\"{&quot;background_background&quot;:&quot;classic&quot;,&quot;animation&quot;:&quot;fadeIn&quot;,&quot;animation_delay&quot;:400}\">\n\t\t\t\t<div class=\"elementor-element elementor-element-12455e1 elementor-view-stacked elementor-shape-circle elementor-position-top elementor-mobile-position-top elementor-widget elementor-widget-icon-box\" data-id=\"12455e1\" data-element_type=\"widget\" data-widget_type=\"icon-box.default\">\n\t\t\t\t<div class=\"elementor-widget-container\">\n\t\t\t\t\t\t\t<div class=\"elementor-icon-box-wrapper\">\n\n\t\t\t\t\t\t<div class=\"elementor-icon-box-icon\">\n\t\t\t\t<span  class=\"elementor-icon\">\n\t\t\t\t<i aria-hidden=\"true\" class=\"icon icon-brush\"><\/i>\t\t\t\t<\/span>\n\t\t\t<\/div>\n\t\t\t\n\t\t\t\t\t\t<div class=\"elementor-icon-box-content\">\n\n\t\t\t\t\t\t\t\t\t<h3 class=\"elementor-icon-box-title\">\n\t\t\t\t\t\t<span  >\n\t\t\t\t\t\t\tBrendim\t\t\t\t\t\t<\/span>\n\t\t\t\t\t<\/h3>\n\t\t\t\t\n\t\t\t\t\t\t\t\t\t<p class=\"elementor-icon-box-description\">\n\t\t\t\t\t\tNe ndihmojm\u00eb n\u00eb zhvillimin dhe strategjin\u00eb e brendit tuaj, duke krijuar lidhje t\u00eb forta dhe mesazhe q\u00eb pasqyrojn\u00eb vlerat e tij. Ne sigurohemi q\u00eb t\u00eb krijojm\u00eb nj\u00eb lidhje t\u00eb fort\u00eb mes brendit tuaj dhe klient\u00ebve tuaj. Strategjia jon\u00eb p\u00ebr brendin tuaj p\u00ebrfaq\u00ebson vlera dhe cil\u00ebsi q\u00eb njer\u00ebzit i mbajn\u00eb mend dhe q\u00eb i b\u00ebjn\u00eb ata t\u00eb duan t\u00eb kthehen si mysafir\u00eb te ju.\t\t\t\t\t<\/p>\n\t\t\t\t\n\t\t\t<\/div>\n\t\t\t\n\t\t<\/div>\n\t\t\t\t\t\t<\/div>\n\t\t\t\t<\/div>\n\t\t\t\t<\/div>\n\t\t<div class=\"elementor-element elementor-element-0f9e160 e-con-full e-flex elementor-invisible e-con e-child\" data-id=\"0f9e160\" data-element_type=\"container\" data-settings=\"{&quot;background_background&quot;:&quot;classic&quot;,&quot;animation&quot;:&quot;fadeIn&quot;,&quot;animation_delay&quot;:500}\">\n\t\t\t\t<div class=\"elementor-element elementor-element-c370d3b elementor-view-stacked elementor-shape-circle elementor-position-top elementor-mobile-position-top elementor-widget elementor-widget-icon-box\" data-id=\"c370d3b\" data-element_type=\"widget\" data-widget_type=\"icon-box.default\">\n\t\t\t\t<div class=\"elementor-widget-container\">\n\t\t\t\t\t\t\t<div class=\"elementor-icon-box-wrapper\">\n\n\t\t\t\t\t\t<div class=\"elementor-icon-box-icon\">\n\t\t\t\t<span  class=\"elementor-icon\">\n\t\t\t\t<i aria-hidden=\"true\" class=\"icon icon-line\"><\/i>\t\t\t\t<\/span>\n\t\t\t<\/div>\n\t\t\t\n\t\t\t\t\t\t<div class=\"elementor-icon-box-content\">\n\n\t\t\t\t\t\t\t\t\t<h3 class=\"elementor-icon-box-title\">\n\t\t\t\t\t\t<span  >\n\t\t\t\t\t\t\tAnalitika e uebit\t\t\t\t\t\t<\/span>\n\t\t\t\t\t<\/h3>\n\t\t\t\t\n\t\t\t\t\t\t\t\t\t<p class=\"elementor-icon-box-description\">\n\t\t\t\t\t\tNe ofrojm\u00eb mjete dhe metoda p\u00ebr marketingun tuaj online dhe ofrojm\u00eb njohuri t\u00eb vlefshme mbi indikator\u00eb t\u00eb ndrysh\u00ebm t\u00eb performanc\u00ebs (KPI), si shkall\u00ebt e angazhimit dhe t\u00eb konvertimit. Ne identifikojm\u00eb fushat q\u00eb mund t\u00eb p\u00ebrmir\u00ebsohen dhe optimizojm\u00eb faqen tuaj t\u00eb internetit.\t\t\t\t\t<\/p>\n\t\t\t\t\n\t\t\t<\/div>\n\t\t\t\n\t\t<\/div>\n\t\t\t\t\t\t<\/div>\n\t\t\t\t<\/div>\n\t\t\t\t<\/div>\n\t\t<div class=\"elementor-element elementor-element-92d780b e-con-full e-flex elementor-invisible e-con e-child\" data-id=\"92d780b\" data-element_type=\"container\" data-settings=\"{&quot;background_background&quot;:&quot;classic&quot;,&quot;animation&quot;:&quot;fadeIn&quot;,&quot;animation_delay&quot;:600}\">\n\t\t\t\t<div class=\"elementor-element elementor-element-6103c06 elementor-view-stacked elementor-shape-circle elementor-position-top elementor-mobile-position-top elementor-widget elementor-widget-icon-box\" data-id=\"6103c06\" data-element_type=\"widget\" data-widget_type=\"icon-box.default\">\n\t\t\t\t<div class=\"elementor-widget-container\">\n\t\t\t\t\t\t\t<div class=\"elementor-icon-box-wrapper\">\n\n\t\t\t\t\t\t<div class=\"elementor-icon-box-icon\">\n\t\t\t\t<span  class=\"elementor-icon\">\n\t\t\t\t<i aria-hidden=\"true\" class=\"icon icon-megaphone1\"><\/i>\t\t\t\t<\/span>\n\t\t\t<\/div>\n\t\t\t\n\t\t\t\t\t\t<div class=\"elementor-icon-box-content\">\n\n\t\t\t\t\t\t\t\t\t<h3 class=\"elementor-icon-box-title\">\n\t\t\t\t\t\t<span  >\n\t\t\t\t\t\t\tKampanja online\t\t\t\t\t\t<\/span>\n\t\t\t\t\t<\/h3>\n\t\t\t\t\n\t\t\t\t\t\t\t\t\t<p class=\"elementor-icon-box-description\">\n\t\t\t\t\t\tNe p\u00ebrmir\u00ebsojm\u00eb dukshm\u00ebrin\u00eb e brendit dhe produkteve tuaja. Q\u00ebllimi i fushatave tona \u00ebsht\u00eb t\u00eb zgjeroni biznesin tuaj n\u00eb fusha t\u00eb r\u00ebnd\u00ebsishme online, p\u00ebr t\u00eb rritur njohjen e brendit, nd\u00ebrveprimin dhe konvertimin n\u00eb grupet e synuara.\t\t\t\t\t<\/p>\n\t\t\t\t\n\t\t\t<\/div>\n\t\t\t\n\t\t<\/div>\n\t\t\t\t\t\t<\/div>\n\t\t\t\t<\/div>\n\t\t\t\t<\/div>\n\t\t<div class=\"elementor-element elementor-element-e145522 e-con-full e-flex elementor-invisible e-con e-child\" data-id=\"e145522\" data-element_type=\"container\" data-settings=\"{&quot;background_background&quot;:&quot;classic&quot;,&quot;animation&quot;:&quot;fadeIn&quot;,&quot;animation_delay&quot;:400}\">\n\t\t\t\t<div class=\"elementor-element elementor-element-2956bf5 elementor-view-stacked elementor-shape-circle elementor-position-top elementor-mobile-position-top elementor-widget elementor-widget-icon-box\" data-id=\"2956bf5\" data-element_type=\"widget\" data-widget_type=\"icon-box.default\">\n\t\t\t\t<div class=\"elementor-widget-container\">\n\t\t\t\t\t\t\t<div class=\"elementor-icon-box-wrapper\">\n\n\t\t\t\t\t\t<div class=\"elementor-icon-box-icon\">\n\t\t\t\t<span  class=\"elementor-icon\">\n\t\t\t\t<i aria-hidden=\"true\" class=\"icon icon-social-share\"><\/i>\t\t\t\t<\/span>\n\t\t\t<\/div>\n\t\t\t\n\t\t\t\t\t\t<div class=\"elementor-icon-box-content\">\n\n\t\t\t\t\t\t\t\t\t<h3 class=\"elementor-icon-box-title\">\n\t\t\t\t\t\t<span  >\n\t\t\t\t\t\t\tPrania n\u00eb mediat sociale\t\t\t\t\t\t<\/span>\n\t\t\t\t\t<\/h3>\n\t\t\t\t\n\t\t\t\t\t\t\t\t\t<p class=\"elementor-icon-box-description\">\n\t\t\t\t\t\tNe zhvillojm\u00eb strategji t\u00eb suksesshme marketingu n\u00eb media sociale, gjejm\u00eb platformat e p\u00ebrshtatshme, krijojm\u00eb p\u00ebrmbajtje unike, planifikojm\u00eb koh\u00ebzgjatjen e postimeve dhe analizojm\u00eb ndikimin n\u00eb hotelin tuaj, si dhe rezultatet p\u00ebr q\u00ebllimet tuaja ekonomike.\t\t\t\t\t<\/p>\n\t\t\t\t\n\t\t\t<\/div>\n\t\t\t\n\t\t<\/div>\n\t\t\t\t\t\t<\/div>\n\t\t\t\t<\/div>\n\t\t\t\t<\/div>\n\t\t<div class=\"elementor-element elementor-element-168045b e-con-full e-flex elementor-invisible e-con e-child\" data-id=\"168045b\" data-element_type=\"container\" data-settings=\"{&quot;background_background&quot;:&quot;classic&quot;,&quot;animation&quot;:&quot;fadeIn&quot;,&quot;animation_delay&quot;:500}\">\n\t\t\t\t<div class=\"elementor-element elementor-element-3c37cc0 elementor-view-stacked elementor-shape-circle elementor-position-top elementor-mobile-position-top elementor-widget elementor-widget-icon-box\" data-id=\"3c37cc0\" data-element_type=\"widget\" data-widget_type=\"icon-box.default\">\n\t\t\t\t<div class=\"elementor-widget-container\">\n\t\t\t\t\t\t\t<div class=\"elementor-icon-box-wrapper\">\n\n\t\t\t\t\t\t<div class=\"elementor-icon-box-icon\">\n\t\t\t\t<span  class=\"elementor-icon\">\n\t\t\t\t<i aria-hidden=\"true\" class=\"icon icon-search-3\"><\/i>\t\t\t\t<\/span>\n\t\t\t<\/div>\n\t\t\t\n\t\t\t\t\t\t<div class=\"elementor-icon-box-content\">\n\n\t\t\t\t\t\t\t\t\t<h3 class=\"elementor-icon-box-title\">\n\t\t\t\t\t\t<span  >\n\t\t\t\t\t\t\tSEO\t\t\t\t\t\t<\/span>\n\t\t\t\t\t<\/h3>\n\t\t\t\t\n\t\t\t\t\t\t\t\t\t<p class=\"elementor-icon-box-description\">\n\t\t\t\t\t\tNe ju ndihmojm\u00eb t\u00eb optimizoni p\u00ebrmbajtjen tuaj p\u00ebr motor\u00ebt e k\u00ebrkimit, duke siguruar q\u00eb ata t\u00eb kuptojn\u00eb p\u00ebrmbajtjen tuaj n\u00eb internet. P\u00ebrshtatim p\u00ebrmbajtjen tuaj me parimet themelore t\u00eb algoritmeve t\u00eb k\u00ebrkimit t\u00eb Google. Ne sigurohemi q\u00eb t\u00eb jen\u00eb plot\u00ebsuar kushtet p\u00ebr t\u00eb b\u00ebr\u00eb q\u00eb p\u00ebrmbajtja juaj t\u00eb jet\u00eb e dukshme n\u00eb k\u00ebrkimin e Google dhe leht\u00ebsojm\u00eb p\u00ebrdoruesit ta gjejn\u00eb faqen tuaj.\t\t\t\t\t<\/p>\n\t\t\t\t\n\t\t\t<\/div>\n\t\t\t\n\t\t<\/div>\n\t\t\t\t\t\t<\/div>\n\t\t\t\t<\/div>\n\t\t\t\t<\/div>\n\t\t<div class=\"elementor-element elementor-element-bec0fb2 e-con-full e-flex elementor-invisible e-con e-child\" data-id=\"bec0fb2\" data-element_type=\"container\" data-settings=\"{&quot;background_background&quot;:&quot;classic&quot;,&quot;animation&quot;:&quot;fadeIn&quot;,&quot;animation_delay&quot;:600}\">\n\t\t\t\t<div class=\"elementor-element elementor-element-0976391 elementor-view-stacked elementor-shape-circle elementor-position-top elementor-mobile-position-top elementor-widget elementor-widget-icon-box\" data-id=\"0976391\" data-element_type=\"widget\" data-widget_type=\"icon-box.default\">\n\t\t\t\t<div class=\"elementor-widget-container\">\n\t\t\t\t\t\t\t<div class=\"elementor-icon-box-wrapper\">\n\n\t\t\t\t\t\t<div class=\"elementor-icon-box-icon\">\n\t\t\t\t<span  class=\"elementor-icon\">\n\t\t\t\t<i aria-hidden=\"true\" class=\"icon icon-code\"><\/i>\t\t\t\t<\/span>\n\t\t\t<\/div>\n\t\t\t\n\t\t\t\t\t\t<div class=\"elementor-icon-box-content\">\n\n\t\t\t\t\t\t\t\t\t<h3 class=\"elementor-icon-box-title\">\n\t\t\t\t\t\t<span  >\n\t\t\t\t\t\t\tDizajn i uebit\t\t\t\t\t\t<\/span>\n\t\t\t\t\t<\/h3>\n\t\t\t\t\n\t\t\t\t\t\t\t\t\t<p class=\"elementor-icon-box-description\">\n\t\t\t\t\t\tMe ekspertiz\u00ebn ton\u00eb n\u00eb k\u00ebshillim dhe konceptim, ne sigurojm\u00eb q\u00eb faqja juaj e internetit t\u00eb b\u00ebj\u00eb nj\u00eb p\u00ebrshtypje t\u00eb menj\u00ebhershme. Ne zhvillojm\u00eb dizajnin tuaj korporativ, krijojm\u00eb zgjidhje miq\u00ebsore p\u00ebr p\u00ebrdoruesit dhe sigurojm\u00eb nj\u00eb navigim t\u00eb kuptuesh\u00ebm n\u00eb faqen tuaj. Faqja juaj e internetit do t\u00eb jet\u00eb e orientuar ndaj nevojave dhe pritshm\u00ebrive t\u00eb grupit tuaj t\u00eb synuar.\t\t\t\t\t<\/p>\n\t\t\t\t\n\t\t\t<\/div>\n\t\t\t\n\t\t<\/div>\n\t\t\t\t\t\t<\/div>\n\t\t\t\t<\/div>\n\t\t\t\t<\/div>\n\t\t\t\t<\/div>\n\t\t\t\t\t<\/div>\n\t\t\t\t<\/div>\n\t\t\t\t<\/div>","protected":false},"excerpt":{"rendered":"<p>Marketing Home Marketing Marketingl\u00f6sungen f\u00fcr Hotels, Airbnbs und Apartments Branding Wir richten Ihre Markenentwicklung und Markenstrategie aus und erzeugen relavante Assoziationen und Wertebotschaften. Wir stellen sicher, dass zwischen Ihrer Marke und Ihren Kunden eine Br\u00fccke entsteht. Unsere Brandingstrategie steht f\u00fcr Werte und Qualit\u00e4ten, an die sich Menschen erinnern und wieder bei Ihnen als Gast sein [&hellip;]<\/p>","protected":false},"author":2,"featured_media":0,"parent":0,"menu_order":0,"comment_status":"closed","ping_status":"closed","template":"","meta":{"footnotes":""},"class_list":["post-1549","page","type-page","status-publish","hentry"],"yoast_head":"<!-- This site is optimized with the Yoast SEO plugin v25.2 - https:\/\/yoast.com\/wordpress\/plugins\/seo\/ -->\n<title>Marketing - Hotel 360 Grad<\/title>\n<meta name=\"description\" content=\"Statten Sie Ihr Hotel mit benutzerfreundlicher Online-Buchung, problemlosen Check-in-L\u00f6sungen und m\u00fcheloser Umsatzoptimierung aus. Verbessern Sie G\u00e4steerlebnisse und optimieren Sie Abl\u00e4ufe mit unserer innovativen Software-Suite. Begleiten Sie uns auf dem Weg, die Zukunft des Hotelmanagements zu gestalten.\" \/>\n<meta name=\"robots\" content=\"index, follow, max-snippet:-1, max-image-preview:large, max-video-preview:-1\" \/>\n<link rel=\"canonical\" href=\"https:\/\/hotel360grad.de\/sq\/marketing\/\" \/>\n<meta property=\"og:locale\" content=\"sq_AL\" \/>\n<meta property=\"og:type\" content=\"article\" \/>\n<meta property=\"og:title\" content=\"Marketing - Hotel 360 Grad\" \/>\n<meta property=\"og:description\" content=\"Statten Sie Ihr Hotel mit benutzerfreundlicher Online-Buchung, problemlosen Check-in-L\u00f6sungen und m\u00fcheloser Umsatzoptimierung aus. Verbessern Sie G\u00e4steerlebnisse und optimieren Sie Abl\u00e4ufe mit unserer innovativen Software-Suite. Begleiten Sie uns auf dem Weg, die Zukunft des Hotelmanagements zu gestalten.\" \/>\n<meta property=\"og:url\" content=\"https:\/\/hotel360grad.de\/sq\/marketing\/\" \/>\n<meta property=\"og:site_name\" content=\"Hotel 360 Grad\" \/>\n<meta property=\"article:modified_time\" content=\"2025-04-09T11:40:19+00:00\" \/>\n<meta property=\"og:image\" content=\"https:\/\/hotel360grad.de\/wp-content\/uploads\/2024\/06\/3M_Logo_Grafik.png\" \/>\n\t<meta property=\"og:image:width\" content=\"2362\" \/>\n\t<meta property=\"og:image:height\" content=\"2362\" \/>\n\t<meta property=\"og:image:type\" content=\"image\/png\" \/>\n<meta name=\"twitter:card\" content=\"summary_large_image\" \/>\n<meta name=\"twitter:label1\" content=\"Est. reading time\" \/>\n\t<meta name=\"twitter:data1\" content=\"1 minut\u00eb\" \/>\n<script type=\"application\/ld+json\" class=\"yoast-schema-graph\">{\"@context\":\"https:\/\/schema.org\",\"@graph\":[{\"@type\":\"WebPage\",\"@id\":\"https:\/\/hotel360grad.de\/marketing\/\",\"url\":\"https:\/\/hotel360grad.de\/marketing\/\",\"name\":\"Marketing - Hotel 360 Grad\",\"isPartOf\":{\"@id\":\"http:\/\/hotel360grad.de\/#website\"},\"datePublished\":\"2025-03-11T08:42:36+00:00\",\"dateModified\":\"2025-04-09T11:40:19+00:00\",\"description\":\"Statten Sie Ihr Hotel mit benutzerfreundlicher Online-Buchung, problemlosen Check-in-L\u00f6sungen und m\u00fcheloser Umsatzoptimierung aus. Verbessern Sie G\u00e4steerlebnisse und optimieren Sie Abl\u00e4ufe mit unserer innovativen Software-Suite. Begleiten Sie uns auf dem Weg, die Zukunft des Hotelmanagements zu gestalten.\",\"breadcrumb\":{\"@id\":\"https:\/\/hotel360grad.de\/marketing\/#breadcrumb\"},\"inLanguage\":\"sq\",\"potentialAction\":[{\"@type\":\"ReadAction\",\"target\":[\"https:\/\/hotel360grad.de\/marketing\/\"]}]},{\"@type\":\"BreadcrumbList\",\"@id\":\"https:\/\/hotel360grad.de\/marketing\/#breadcrumb\",\"itemListElement\":[{\"@type\":\"ListItem\",\"position\":1,\"name\":\"Home\",\"item\":\"https:\/\/hotel360grad.de\/\"},{\"@type\":\"ListItem\",\"position\":2,\"name\":\"Marketing\"}]},{\"@type\":\"WebSite\",\"@id\":\"http:\/\/hotel360grad.de\/#website\",\"url\":\"http:\/\/hotel360grad.de\/\",\"name\":\"Hotel 360 Grad\",\"description\":\"\",\"publisher\":{\"@id\":\"http:\/\/hotel360grad.de\/#organization\"},\"potentialAction\":[{\"@type\":\"SearchAction\",\"target\":{\"@type\":\"EntryPoint\",\"urlTemplate\":\"http:\/\/hotel360grad.de\/?s={search_term_string}\"},\"query-input\":{\"@type\":\"PropertyValueSpecification\",\"valueRequired\":true,\"valueName\":\"search_term_string\"}}],\"inLanguage\":\"sq\"},{\"@type\":\"Organization\",\"@id\":\"http:\/\/hotel360grad.de\/#organization\",\"name\":\"Hotel 360 Grad\",\"url\":\"http:\/\/hotel360grad.de\/\",\"logo\":{\"@type\":\"ImageObject\",\"inLanguage\":\"sq\",\"@id\":\"http:\/\/hotel360grad.de\/#\/schema\/logo\/image\/\",\"url\":\"https:\/\/hotel360grad.de\/wp-content\/uploads\/2024\/05\/newnewlogo-1.png\",\"contentUrl\":\"https:\/\/hotel360grad.de\/wp-content\/uploads\/2024\/05\/newnewlogo-1.png\",\"width\":1880,\"height\":426,\"caption\":\"Hotel 360 Grad\"},\"image\":{\"@id\":\"http:\/\/hotel360grad.de\/#\/schema\/logo\/image\/\"}}]}<\/script>\n<!-- \/ Yoast SEO plugin. -->","yoast_head_json":{"title":"Marketing - Hotel 360 Grad","description":"P\u00ebr hotelin tuaj ofrojm\u00eb sisteme softuerike inovative q\u00eb leht\u00ebsojn\u00eb dhe thjesht\u00ebsojn\u00eb shum\u00eb rezervimin online dhe check-in p\u00ebr klient\u00ebt tuaj. Por edhe p\u00ebr stafin tuaj menaxhim i thjesht\u00eb, gjith\u00ebp\u00ebrfshir\u00ebs dhe bashk\u00ebkohor q\u00eb rezulton n\u00eb kursim kohe p\u00ebr juve dhe menaxhim profesional t\u00eb hotelit nga ju.","robots":{"index":"index","follow":"follow","max-snippet":"max-snippet:-1","max-image-preview":"max-image-preview:large","max-video-preview":"max-video-preview:-1"},"canonical":"https:\/\/hotel360grad.de\/sq\/marketing\/","og_locale":"sq_AL","og_type":"article","og_title":"Marketing - Hotel 360 Grad","og_description":"Statten Sie Ihr Hotel mit benutzerfreundlicher Online-Buchung, problemlosen Check-in-L\u00f6sungen und m\u00fcheloser Umsatzoptimierung aus. Verbessern Sie G\u00e4steerlebnisse und optimieren Sie Abl\u00e4ufe mit unserer innovativen Software-Suite. Begleiten Sie uns auf dem Weg, die Zukunft des Hotelmanagements zu gestalten.","og_url":"https:\/\/hotel360grad.de\/sq\/marketing\/","og_site_name":"Hotel 360 Grad","article_modified_time":"2025-04-09T11:40:19+00:00","og_image":[{"width":2362,"height":2362,"url":"https:\/\/hotel360grad.de\/wp-content\/uploads\/2024\/06\/3M_Logo_Grafik.png","type":"image\/png"}],"twitter_card":"summary_large_image","twitter_misc":{"Est. reading time":"1 minut\u00eb"},"schema":{"@context":"https:\/\/schema.org","@graph":[{"@type":"WebPage","@id":"https:\/\/hotel360grad.de\/marketing\/","url":"https:\/\/hotel360grad.de\/marketing\/","name":"Marketing - Hotel 360 Grad","isPartOf":{"@id":"http:\/\/hotel360grad.de\/#website"},"datePublished":"2025-03-11T08:42:36+00:00","dateModified":"2025-04-09T11:40:19+00:00","description":"P\u00ebr hotelin tuaj ofrojm\u00eb sisteme softuerike inovative q\u00eb leht\u00ebsojn\u00eb dhe thjesht\u00ebsojn\u00eb shum\u00eb rezervimin online dhe check-in p\u00ebr klient\u00ebt tuaj. Por edhe p\u00ebr stafin tuaj menaxhim i thjesht\u00eb, gjith\u00ebp\u00ebrfshir\u00ebs dhe bashk\u00ebkohor q\u00eb rezulton n\u00eb kursim kohe p\u00ebr juve dhe menaxhim profesional t\u00eb hotelit nga ju.","breadcrumb":{"@id":"https:\/\/hotel360grad.de\/marketing\/#breadcrumb"},"inLanguage":"sq","potentialAction":[{"@type":"ReadAction","target":["https:\/\/hotel360grad.de\/marketing\/"]}]},{"@type":"BreadcrumbList","@id":"https:\/\/hotel360grad.de\/marketing\/#breadcrumb","itemListElement":[{"@type":"ListItem","position":1,"name":"Home","item":"https:\/\/hotel360grad.de\/"},{"@type":"ListItem","position":2,"name":"Marketing"}]},{"@type":"WebSite","@id":"http:\/\/hotel360grad.de\/#website","url":"http:\/\/hotel360grad.de\/","name":"Hotel 360 Grad","description":"","publisher":{"@id":"http:\/\/hotel360grad.de\/#organization"},"potentialAction":[{"@type":"SearchAction","target":{"@type":"EntryPoint","urlTemplate":"http:\/\/hotel360grad.de\/?s={search_term_string}"},"query-input":{"@type":"PropertyValueSpecification","valueRequired":true,"valueName":"search_term_string"}}],"inLanguage":"sq"},{"@type":"Organization","@id":"http:\/\/hotel360grad.de\/#organization","name":"Hotel 360 Grad","url":"http:\/\/hotel360grad.de\/","logo":{"@type":"ImageObject","inLanguage":"sq","@id":"http:\/\/hotel360grad.de\/#\/schema\/logo\/image\/","url":"https:\/\/hotel360grad.de\/wp-content\/uploads\/2024\/05\/newnewlogo-1.png","contentUrl":"https:\/\/hotel360grad.de\/wp-content\/uploads\/2024\/05\/newnewlogo-1.png","width":1880,"height":426,"caption":"Hotel 360 Grad"},"image":{"@id":"http:\/\/hotel360grad.de\/#\/schema\/logo\/image\/"}}]}},"_links":{"self":[{"href":"https:\/\/hotel360grad.de\/sq\/wp-json\/wp\/v2\/pages\/1549","targetHints":{"allow":["GET"]}}],"collection":[{"href":"https:\/\/hotel360grad.de\/sq\/wp-json\/wp\/v2\/pages"}],"about":[{"href":"https:\/\/hotel360grad.de\/sq\/wp-json\/wp\/v2\/types\/page"}],"author":[{"embeddable":true,"href":"https:\/\/hotel360grad.de\/sq\/wp-json\/wp\/v2\/users\/2"}],"replies":[{"embeddable":true,"href":"https:\/\/hotel360grad.de\/sq\/wp-json\/wp\/v2\/comments?post=1549"}],"version-history":[{"count":0,"href":"https:\/\/hotel360grad.de\/sq\/wp-json\/wp\/v2\/pages\/1549\/revisions"}],"wp:attachment":[{"href":"https:\/\/hotel360grad.de\/sq\/wp-json\/wp\/v2\/media?parent=1549"}],"curies":[{"name":"wp","href":"https:\/\/api.w.org\/{rel}","templated":true}]}}