{"id":1656,"date":"2025-03-18T09:17:25","date_gmt":"2025-03-18T09:17:25","guid":{"rendered":"https:\/\/hotel360grad.de\/?page_id=1656"},"modified":"2025-04-07T11:35:35","modified_gmt":"2025-04-07T11:35:35","slug":"consultation","status":"publish","type":"page","link":"https:\/\/hotel360grad.de\/sq\/consultation\/","title":{"rendered":"Consultation"},"content":{"rendered":"<div data-elementor-type=\"wp-page\" data-elementor-id=\"1656\" class=\"elementor elementor-1656\">\n\t\t\t\t<div class=\"elementor-element elementor-element-d6c8cf5 e-flex e-con-boxed e-con e-parent\" data-id=\"d6c8cf5\" data-element_type=\"container\" data-settings=\"{&quot;background_background&quot;:&quot;classic&quot;}\">\n\t\t\t\t\t<div class=\"e-con-inner\">\n\t\t\t\t<div class=\"elementor-element elementor-element-3b4491f elementor-widget__width-inherit elementor-widget elementor-widget-heading\" data-id=\"3b4491f\" data-element_type=\"widget\" data-widget_type=\"heading.default\">\n\t\t\t\t<div class=\"elementor-widget-container\">\n\t\t\t\t\t<h2 class=\"elementor-heading-title elementor-size-default\">K\u00ebshillim falas<\/h2>\t\t\t\t<\/div>\n\t\t\t\t<\/div>\n\t\t\t\t<div class=\"elementor-element elementor-element-a408669 elementor-icon-list--layout-inline elementor-align-center elementor-list-item-link-full_width elementor-widget elementor-widget-icon-list\" data-id=\"a408669\" data-element_type=\"widget\" data-widget_type=\"icon-list.default\">\n\t\t\t\t<div class=\"elementor-widget-container\">\n\t\t\t\t\t\t\t<ul class=\"elementor-icon-list-items elementor-inline-items\">\n\t\t\t\t\t\t\t<li class=\"elementor-icon-list-item elementor-inline-item\">\n\t\t\t\t\t\t\t\t\t\t<span class=\"elementor-icon-list-text\">Ballina<\/span>\n\t\t\t\t\t\t\t\t\t<\/li>\n\t\t\t\t\t\t\t\t<li class=\"elementor-icon-list-item elementor-inline-item\">\n\t\t\t\t\t\t\t\t\t\t\t<span class=\"elementor-icon-list-icon\">\n\t\t\t\t\t\t\t<i aria-hidden=\"true\" class=\"icon icon-arrow-right\"><\/i>\t\t\t\t\t\t<\/span>\n\t\t\t\t\t\t\t\t\t\t<span class=\"elementor-icon-list-text\">K\u00ebshillim falas<\/span>\n\t\t\t\t\t\t\t\t\t<\/li>\n\t\t\t\t\t\t<\/ul>\n\t\t\t\t\t\t<\/div>\n\t\t\t\t<\/div>\n\t\t\t\t\t<\/div>\n\t\t\t\t<\/div>\n\t\t<div class=\"elementor-element elementor-element-cf1b670 e-con-full e-flex e-con e-parent\" data-id=\"cf1b670\" data-element_type=\"container\">\n\t\t<div class=\"elementor-element elementor-element-fe0dca5 e-con-full e-flex e-con e-child\" data-id=\"fe0dca5\" data-element_type=\"container\">\n\t\t<div class=\"elementor-element elementor-element-dfa77a7 e-con-full e-flex e-con e-child\" data-id=\"dfa77a7\" data-element_type=\"container\">\n\t\t\t\t<div class=\"elementor-element elementor-element-5105a36 elementor-widget elementor-widget-html\" data-id=\"5105a36\" data-element_type=\"widget\" data-widget_type=\"html.default\">\n\t\t\t\t<div class=\"elementor-widget-container\">\n\t\t\t\t\t\r\n<div class=\"calendly-inline-widget\" data-url=\"https:\/\/calendly.com\/maximilian-birnmann-aldrinas\/30-minute-meeting-clone?hide_gdpr_banner=1\" style=\"min-width:320px;height:700px;\"><\/div>\r\n<script type=\"text\/javascript\" src=\"https:\/\/assets.calendly.com\/assets\/external\/widget.js\" async><\/script>\r\n\t\t\t\t<\/div>\n\t\t\t\t<\/div>\n\t\t\t\t<\/div>\n\t\t\t\t<\/div>\n\t\t\t\t<\/div>\n\t\t<div class=\"elementor-element elementor-element-20fd1d8 elementor-hidden-desktop elementor-hidden-tablet e-flex e-con-boxed e-con e-parent\" data-id=\"20fd1d8\" data-element_type=\"container\" data-settings=\"{&quot;background_background&quot;:&quot;classic&quot;,&quot;position&quot;:&quot;fixed&quot;}\">\n\t\t\t\t\t<div class=\"e-con-inner\">\n\t\t<div class=\"elementor-element elementor-element-a82217d e-grid e-con-full e-con e-child\" data-id=\"a82217d\" data-element_type=\"container\">\n\t\t\t\t<div class=\"elementor-element elementor-element-783c9fe elementor-align-right elementor-mobile-align-justify elementor-widget elementor-widget-button\" data-id=\"783c9fe\" data-element_type=\"widget\" data-widget_type=\"button.default\">\n\t\t\t\t<div class=\"elementor-widget-container\">\n\t\t\t\t\t\t\t\t\t<div class=\"elementor-button-wrapper\">\n\t\t\t\t\t<a class=\"elementor-button elementor-button-link elementor-size-sm\" href=\"https:\/\/hotel360grad.de\/sq\/consultation\/\">\n\t\t\t\t\t\t<span class=\"elementor-button-content-wrapper\">\n\t\t\t\t\t\t\t\t\t<span class=\"elementor-button-text\">K\u00ebshillim<\/span>\n\t\t\t\t\t<\/span>\n\t\t\t\t\t<\/a>\n\t\t\t\t<\/div>\n\t\t\t\t\t\t\t\t<\/div>\n\t\t\t\t<\/div>\n\t\t\t\t<div class=\"elementor-element elementor-element-a1373ae elementor-widget elementor-widget-shortcode\" data-id=\"a1373ae\" data-element_type=\"widget\" data-widget_type=\"shortcode.default\">\n\t\t\t\t<div class=\"elementor-widget-container\">\n\t\t\t\t\t\t\t<div class=\"elementor-shortcode\"><div class=\"trp_language_switcher_shortcode\">\n<div class=\"trp-language-switcher trp-language-switcher-container\" data-no-translation>\n    <div class=\"trp-ls-shortcode-current-language\">\n        <a href=\"#\" class=\"trp-ls-shortcode-disabled-language trp-ls-disabled-language\" title=\"Albanian\" onclick=\"event.preventDefault()\">\n\t\t\t<img decoding=\"async\" class=\"trp-flag-image\" src=\"https:\/\/hotel360grad.de\/wp-content\/plugins\/translatepress-multilingual\/assets\/images\/flags\/sq.png\" width=\"18\" height=\"12\" alt=\"sq\" title=\"Albanian\"> SQ\t\t<\/a>\n    <\/div>\n    <div class=\"trp-ls-shortcode-language\">\n                <a href=\"#\" class=\"trp-ls-shortcode-disabled-language trp-ls-disabled-language\"  title=\"Albanian\" onclick=\"event.preventDefault()\">\n\t\t\t<img decoding=\"async\" class=\"trp-flag-image\" src=\"https:\/\/hotel360grad.de\/wp-content\/plugins\/translatepress-multilingual\/assets\/images\/flags\/sq.png\" width=\"18\" height=\"12\" alt=\"sq\" title=\"Albanian\"> SQ\t\t<\/a>\n                    <a href=\"https:\/\/hotel360grad.de\/sq\/wp-json\/wp\/v2\/pages\/1656\" title=\"German\">\n            <img decoding=\"async\" class=\"trp-flag-image\" src=\"https:\/\/hotel360grad.de\/wp-content\/plugins\/translatepress-multilingual\/assets\/images\/flags\/de_DE_formal.png\" width=\"18\" height=\"12\" alt=\"de_DE_formal\" title=\"German\"> DE        <\/a>\n\n        <\/div>\n    <script type=\"application\/javascript\">\n        \/\/ need to have the same with set from JS on both divs. Otherwise it can push stuff around in HTML\n        var trp_ls_shortcodes = document.querySelectorAll('.trp_language_switcher_shortcode .trp-language-switcher');\n        if ( trp_ls_shortcodes.length > 0) {\n            \/\/ get the last language switcher added\n            var trp_el = trp_ls_shortcodes[trp_ls_shortcodes.length - 1];\n\n            var trp_shortcode_language_item = trp_el.querySelector( '.trp-ls-shortcode-language' )\n            \/\/ set width\n            var trp_ls_shortcode_width                                               = trp_shortcode_language_item.offsetWidth + 16;\n            trp_shortcode_language_item.style.width                                  = trp_ls_shortcode_width + 'px';\n            trp_el.querySelector( '.trp-ls-shortcode-current-language' ).style.width = trp_ls_shortcode_width + 'px';\n\n            \/\/ We're putting this on display: none after we have its width.\n            trp_shortcode_language_item.style.display = 'none';\n        }\n    <\/script>\n<\/div>\n<\/div><\/div>\n\t\t\t\t\t\t<\/div>\n\t\t\t\t<\/div>\n\t\t\t\t<\/div>\n\t\t\t\t\t<\/div>\n\t\t\t\t<\/div>\n\t\t\t\t<\/div>","protected":false},"excerpt":{"rendered":"<p>Kostenlose Beratung Home Kostenlose Beratung Beratung<\/p>","protected":false},"author":2,"featured_media":0,"parent":0,"menu_order":0,"comment_status":"closed","ping_status":"closed","template":"","meta":{"footnotes":""},"class_list":["post-1656","page","type-page","status-publish","hentry"],"yoast_head":"<!-- This site is optimized with the Yoast SEO plugin v25.2 - https:\/\/yoast.com\/wordpress\/plugins\/seo\/ -->\n<title>Consultation - Hotel 360 Grad<\/title>\n<meta name=\"description\" content=\"Statten Sie Ihr Hotel mit benutzerfreundlicher Online-Buchung, problemlosen Check-in-L\u00f6sungen und m\u00fcheloser Umsatzoptimierung aus. Verbessern Sie G\u00e4steerlebnisse und optimieren Sie Abl\u00e4ufe mit unserer innovativen Software-Suite. Begleiten Sie uns auf dem Weg, die Zukunft des Hotelmanagements zu gestalten.\" \/>\n<meta name=\"robots\" content=\"index, follow, max-snippet:-1, max-image-preview:large, max-video-preview:-1\" \/>\n<link rel=\"canonical\" href=\"https:\/\/hotel360grad.de\/sq\/consultation\/\" \/>\n<meta property=\"og:locale\" content=\"sq_AL\" \/>\n<meta property=\"og:type\" content=\"article\" \/>\n<meta property=\"og:title\" content=\"Consultation - Hotel 360 Grad\" \/>\n<meta property=\"og:description\" content=\"Statten Sie Ihr Hotel mit benutzerfreundlicher Online-Buchung, problemlosen Check-in-L\u00f6sungen und m\u00fcheloser Umsatzoptimierung aus. Verbessern Sie G\u00e4steerlebnisse und optimieren Sie Abl\u00e4ufe mit unserer innovativen Software-Suite. Begleiten Sie uns auf dem Weg, die Zukunft des Hotelmanagements zu gestalten.\" \/>\n<meta property=\"og:url\" content=\"https:\/\/hotel360grad.de\/sq\/consultation\/\" \/>\n<meta property=\"og:site_name\" content=\"Hotel 360 Grad\" \/>\n<meta property=\"article:modified_time\" content=\"2025-04-07T11:35:35+00:00\" \/>\n<meta property=\"og:image\" content=\"https:\/\/hotel360grad.de\/wp-content\/uploads\/2024\/06\/3M_Logo_Grafik.png\" \/>\n\t<meta property=\"og:image:width\" content=\"2362\" \/>\n\t<meta property=\"og:image:height\" content=\"2362\" \/>\n\t<meta property=\"og:image:type\" content=\"image\/png\" \/>\n<meta name=\"twitter:card\" content=\"summary_large_image\" \/>\n<meta name=\"twitter:label1\" content=\"Est. reading time\" \/>\n\t<meta name=\"twitter:data1\" content=\"1 minut\u00eb\" \/>\n<script type=\"application\/ld+json\" class=\"yoast-schema-graph\">{\"@context\":\"https:\/\/schema.org\",\"@graph\":[{\"@type\":\"WebPage\",\"@id\":\"https:\/\/hotel360grad.de\/consultation\/\",\"url\":\"https:\/\/hotel360grad.de\/consultation\/\",\"name\":\"Consultation - Hotel 360 Grad\",\"isPartOf\":{\"@id\":\"http:\/\/hotel360grad.de\/#website\"},\"datePublished\":\"2025-03-18T09:17:25+00:00\",\"dateModified\":\"2025-04-07T11:35:35+00:00\",\"description\":\"Statten Sie Ihr Hotel mit benutzerfreundlicher Online-Buchung, problemlosen Check-in-L\u00f6sungen und m\u00fcheloser Umsatzoptimierung aus. Verbessern Sie G\u00e4steerlebnisse und optimieren Sie Abl\u00e4ufe mit unserer innovativen Software-Suite. Begleiten Sie uns auf dem Weg, die Zukunft des Hotelmanagements zu gestalten.\",\"breadcrumb\":{\"@id\":\"https:\/\/hotel360grad.de\/consultation\/#breadcrumb\"},\"inLanguage\":\"sq\",\"potentialAction\":[{\"@type\":\"ReadAction\",\"target\":[\"https:\/\/hotel360grad.de\/consultation\/\"]}]},{\"@type\":\"BreadcrumbList\",\"@id\":\"https:\/\/hotel360grad.de\/consultation\/#breadcrumb\",\"itemListElement\":[{\"@type\":\"ListItem\",\"position\":1,\"name\":\"Home\",\"item\":\"https:\/\/hotel360grad.de\/\"},{\"@type\":\"ListItem\",\"position\":2,\"name\":\"Consultation\"}]},{\"@type\":\"WebSite\",\"@id\":\"http:\/\/hotel360grad.de\/#website\",\"url\":\"http:\/\/hotel360grad.de\/\",\"name\":\"Hotel 360 Grad\",\"description\":\"\",\"publisher\":{\"@id\":\"http:\/\/hotel360grad.de\/#organization\"},\"potentialAction\":[{\"@type\":\"SearchAction\",\"target\":{\"@type\":\"EntryPoint\",\"urlTemplate\":\"http:\/\/hotel360grad.de\/?s={search_term_string}\"},\"query-input\":{\"@type\":\"PropertyValueSpecification\",\"valueRequired\":true,\"valueName\":\"search_term_string\"}}],\"inLanguage\":\"sq\"},{\"@type\":\"Organization\",\"@id\":\"http:\/\/hotel360grad.de\/#organization\",\"name\":\"Hotel 360 Grad\",\"url\":\"http:\/\/hotel360grad.de\/\",\"logo\":{\"@type\":\"ImageObject\",\"inLanguage\":\"sq\",\"@id\":\"http:\/\/hotel360grad.de\/#\/schema\/logo\/image\/\",\"url\":\"https:\/\/hotel360grad.de\/wp-content\/uploads\/2024\/05\/newnewlogo-1.png\",\"contentUrl\":\"https:\/\/hotel360grad.de\/wp-content\/uploads\/2024\/05\/newnewlogo-1.png\",\"width\":1880,\"height\":426,\"caption\":\"Hotel 360 Grad\"},\"image\":{\"@id\":\"http:\/\/hotel360grad.de\/#\/schema\/logo\/image\/\"}}]}<\/script>\n<!-- \/ Yoast SEO plugin. -->","yoast_head_json":{"title":"Consultation - Hotel 360 Grad","description":"P\u00ebr hotelin tuaj ofrojm\u00eb sisteme softuerike inovative q\u00eb leht\u00ebsojn\u00eb dhe thjesht\u00ebsojn\u00eb shum\u00eb rezervimin online dhe check-in p\u00ebr klient\u00ebt tuaj. Por edhe p\u00ebr stafin tuaj menaxhim i thjesht\u00eb, gjith\u00ebp\u00ebrfshir\u00ebs dhe bashk\u00ebkohor q\u00eb rezulton n\u00eb kursim kohe p\u00ebr juve dhe menaxhim profesional t\u00eb hotelit nga ju.","robots":{"index":"index","follow":"follow","max-snippet":"max-snippet:-1","max-image-preview":"max-image-preview:large","max-video-preview":"max-video-preview:-1"},"canonical":"https:\/\/hotel360grad.de\/sq\/consultation\/","og_locale":"sq_AL","og_type":"article","og_title":"Consultation - Hotel 360 Grad","og_description":"Statten Sie Ihr Hotel mit benutzerfreundlicher Online-Buchung, problemlosen Check-in-L\u00f6sungen und m\u00fcheloser Umsatzoptimierung aus. Verbessern Sie G\u00e4steerlebnisse und optimieren Sie Abl\u00e4ufe mit unserer innovativen Software-Suite. Begleiten Sie uns auf dem Weg, die Zukunft des Hotelmanagements zu gestalten.","og_url":"https:\/\/hotel360grad.de\/sq\/consultation\/","og_site_name":"Hotel 360 Grad","article_modified_time":"2025-04-07T11:35:35+00:00","og_image":[{"width":2362,"height":2362,"url":"https:\/\/hotel360grad.de\/wp-content\/uploads\/2024\/06\/3M_Logo_Grafik.png","type":"image\/png"}],"twitter_card":"summary_large_image","twitter_misc":{"Est. reading time":"1 minut\u00eb"},"schema":{"@context":"https:\/\/schema.org","@graph":[{"@type":"WebPage","@id":"https:\/\/hotel360grad.de\/consultation\/","url":"https:\/\/hotel360grad.de\/consultation\/","name":"Consultation - Hotel 360 Grad","isPartOf":{"@id":"http:\/\/hotel360grad.de\/#website"},"datePublished":"2025-03-18T09:17:25+00:00","dateModified":"2025-04-07T11:35:35+00:00","description":"P\u00ebr hotelin tuaj ofrojm\u00eb sisteme softuerike inovative q\u00eb leht\u00ebsojn\u00eb dhe thjesht\u00ebsojn\u00eb shum\u00eb rezervimin online dhe check-in p\u00ebr klient\u00ebt tuaj. Por edhe p\u00ebr stafin tuaj menaxhim i thjesht\u00eb, gjith\u00ebp\u00ebrfshir\u00ebs dhe bashk\u00ebkohor q\u00eb rezulton n\u00eb kursim kohe p\u00ebr juve dhe menaxhim profesional t\u00eb hotelit nga ju.","breadcrumb":{"@id":"https:\/\/hotel360grad.de\/consultation\/#breadcrumb"},"inLanguage":"sq","potentialAction":[{"@type":"ReadAction","target":["https:\/\/hotel360grad.de\/consultation\/"]}]},{"@type":"BreadcrumbList","@id":"https:\/\/hotel360grad.de\/consultation\/#breadcrumb","itemListElement":[{"@type":"ListItem","position":1,"name":"Home","item":"https:\/\/hotel360grad.de\/"},{"@type":"ListItem","position":2,"name":"Consultation"}]},{"@type":"WebSite","@id":"http:\/\/hotel360grad.de\/#website","url":"http:\/\/hotel360grad.de\/","name":"Hotel 360 Grad","description":"","publisher":{"@id":"http:\/\/hotel360grad.de\/#organization"},"potentialAction":[{"@type":"SearchAction","target":{"@type":"EntryPoint","urlTemplate":"http:\/\/hotel360grad.de\/?s={search_term_string}"},"query-input":{"@type":"PropertyValueSpecification","valueRequired":true,"valueName":"search_term_string"}}],"inLanguage":"sq"},{"@type":"Organization","@id":"http:\/\/hotel360grad.de\/#organization","name":"Hotel 360 Grad","url":"http:\/\/hotel360grad.de\/","logo":{"@type":"ImageObject","inLanguage":"sq","@id":"http:\/\/hotel360grad.de\/#\/schema\/logo\/image\/","url":"https:\/\/hotel360grad.de\/wp-content\/uploads\/2024\/05\/newnewlogo-1.png","contentUrl":"https:\/\/hotel360grad.de\/wp-content\/uploads\/2024\/05\/newnewlogo-1.png","width":1880,"height":426,"caption":"Hotel 360 Grad"},"image":{"@id":"http:\/\/hotel360grad.de\/#\/schema\/logo\/image\/"}}]}},"_links":{"self":[{"href":"https:\/\/hotel360grad.de\/sq\/wp-json\/wp\/v2\/pages\/1656","targetHints":{"allow":["GET"]}}],"collection":[{"href":"https:\/\/hotel360grad.de\/sq\/wp-json\/wp\/v2\/pages"}],"about":[{"href":"https:\/\/hotel360grad.de\/sq\/wp-json\/wp\/v2\/types\/page"}],"author":[{"embeddable":true,"href":"https:\/\/hotel360grad.de\/sq\/wp-json\/wp\/v2\/users\/2"}],"replies":[{"embeddable":true,"href":"https:\/\/hotel360grad.de\/sq\/wp-json\/wp\/v2\/comments?post=1656"}],"version-history":[{"count":0,"href":"https:\/\/hotel360grad.de\/sq\/wp-json\/wp\/v2\/pages\/1656\/revisions"}],"wp:attachment":[{"href":"https:\/\/hotel360grad.de\/sq\/wp-json\/wp\/v2\/media?parent=1656"}],"curies":[{"name":"wp","href":"https:\/\/api.w.org\/{rel}","templated":true}]}}